{"id":2,"date":"2012-12-14T01:51:03","date_gmt":"2012-12-14T01:51:03","guid":{"rendered":"http:\/\/prietenii-muntilor.ro\/?page_id=2"},"modified":"2020-01-17T15:37:15","modified_gmt":"2020-01-17T15:37:15","slug":"sample-page","status":"publish","type":"page","link":"https:\/\/prietenii-muntilor.ro\/","title":{"rendered":"Acasa"},"content":{"rendered":"<p>[vc_row][vc_column]\n\t\t\t<!-- START Slider 1 REVOLUTION SLIDER 6.1.5 --><p class=\"rs-p-wp-fix\"><\/p>\n\t\t\t<rs-module-wrap id=\"rev_slider_6_1_wrapper\" data-source=\"gallery\" style=\"background:transparent;padding:0;\">\n\t\t\t\t<rs-module id=\"rev_slider_6_1\" style=\"display:none;\" data-version=\"6.1.5\">\n\t\t\t\t\t<rs-slides>\n\t\t\t\t\t\t<rs-slide data-key=\"rs-23\" data-title=\"Slide\" data-anim=\"ei:d;eo:d;s:1000;r:0;t:fade;sl:0;\">\n\t\t\t\t\t\t\t<img loading=\"lazy\" decoding=\"async\" src=\"\/\/prietenii-muntilor.ro\/wp-content\/uploads\/2020\/02\/1-DSC_7579-scaled.jpg\" title=\"1 DSC_7579\" width=\"2560\" height=\"1673\" data-bg=\"p:60% 60%;\" data-parallax=\"off\" data-panzoom=\"d:15000ms;ss:100%;se:120%;\" class=\"rev-slidebg\" data-no-retina>\n<!--\n\t\t\t\t\t\t\t--><rs-layer\n\t\t\t\t\t\t\t\tid=\"slider-6-slide-23-layer-5\" \n\t\t\t\t\t\t\t\tdata-type=\"text\"\n\t\t\t\t\t\t\t\tdata-color=\"#fff\"\n\t\t\t\t\t\t\t\tdata-rsp_ch=\"on\"\n\t\t\t\t\t\t\t\tdata-xy=\"xo:115px,115px,94px,58px;yo:435px,348px,274px,184px;\"\n\t\t\t\t\t\t\t\tdata-text=\"w:normal;s:95,78,59,36;l:110,90,68,41;ls:-1,0,0,0;\"\n\t\t\t\t\t\t\t\tdata-dim=\"w:476,393,298,183;minh:0,none,none,none;\"\n\t\t\t\t\t\t\t\tdata-frame_1=\"st:1560;sp:1000;sR:1560;\"\n\t\t\t\t\t\t\t\tdata-frame_999=\"o:0;st:w;sR:6440;\"\n\t\t\t\t\t\t\t\tstyle=\"z-index:9;font-family:Montserrat;text-transform:uppercase;\"\n\t\t\t\t\t\t\t>PRIETENII \n\t\t\t\t\t\t\t<\/rs-layer><!--\n\n\t\t\t\t\t\t\t--><rs-layer\n\t\t\t\t\t\t\t\tid=\"slider-6-slide-23-layer-6\" \n\t\t\t\t\t\t\t\tdata-type=\"text\"\n\t\t\t\t\t\t\t\tdata-color=\"#fff\"\n\t\t\t\t\t\t\t\tdata-rsp_ch=\"on\"\n\t\t\t\t\t\t\t\tdata-xy=\"xo:609px,523px,403px,244px;yo:429px,349px,271px,182px;\"\n\t\t\t\t\t\t\t\tdata-text=\"w:normal;s:109,90,68,41;l:122,100,75,46;ls:-5,-4,-3,-1;fw:800;\"\n\t\t\t\t\t\t\t\tdata-dim=\"minh:0,none,none,none;\"\n\t\t\t\t\t\t\t\tdata-frame_1=\"st:710;sp:1000;sR:710;\"\n\t\t\t\t\t\t\t\tdata-frame_999=\"o:0;st:w;sR:7290;\"\n\t\t\t\t\t\t\t\tstyle=\"z-index:10;font-family:Poppins;\"\n\t\t\t\t\t\t\t>MUN\u021aILOR \n\t\t\t\t\t\t\t<\/rs-layer><!--\n\n\t\t\t\t\t\t\t--><rs-layer\n\t\t\t\t\t\t\t\tid=\"slider-6-slide-23-layer-9\" \n\t\t\t\t\t\t\t\tdata-type=\"image\"\n\t\t\t\t\t\t\t\tdata-rsp_ch=\"on\"\n\t\t\t\t\t\t\t\tdata-xy=\"xo:458px,378px,304px,180px;yo:189px,156px,96px,75px;\"\n\t\t\t\t\t\t\t\tdata-text=\"w:normal;s:20,16,12,7;l:0,20,15,9;\"\n\t\t\t\t\t\t\t\tdata-dim=\"w:274px,226px,190px,123px;h:256px,211px,177px,115px;\"\n\t\t\t\t\t\t\t\tdata-frame_1=\"y:4px,3px,2px,1px;st:2280;sp:1500;sR:2280;\"\n\t\t\t\t\t\t\t\tdata-frame_999=\"o:0;st:w;sR:5720;\"\n\t\t\t\t\t\t\t\tstyle=\"z-index:7;\"\n\t\t\t\t\t\t\t><img loading=\"lazy\" decoding=\"async\" src=\"\/\/prietenii-muntilor.ro\/wp-content\/uploads\/2020\/01\/poza-logo-cabana-pritenii-muntilor-1.png\" width=\"328\" height=\"306\" data-no-retina> \n\t\t\t\t\t\t\t<\/rs-layer><!--\n-->\t\t\t\t\t\t<\/rs-slide>\n\t\t\t\t\t\t<rs-slide data-key=\"rs-21\" data-title=\"Slide\" data-anim=\"ei:d;eo:d;s:d;r:0;t:notransition;sl:d;\">\n\t\t\t\t\t\t\t<img loading=\"lazy\" decoding=\"async\" src=\"\/\/prietenii-muntilor.ro\/wp-content\/uploads\/2017\/11\/sunset2.jpg\" alt=\"Cabana Prietenii Muntilor\" title=\"schi semenic\" width=\"5053\" height=\"2610\" data-bg=\"p:center bottom;\" data-parallax=\"off\" data-panzoom=\"d:15000ms;ss:100%;se:140%;rs:0deg;re:0deg;bs:0px;be:0px;os:0px\/0px;oe:0px\/0px;\" class=\"rev-slidebg\" data-no-retina>\n<!--\n\t\t\t\t\t\t\t--><rs-layer\n\t\t\t\t\t\t\t\tid=\"slider-6-slide-21-layer-11\" \n\t\t\t\t\t\t\t\tdata-type=\"text\"\n\t\t\t\t\t\t\t\tdata-color=\"#fff\"\n\t\t\t\t\t\t\t\tdata-rsp_ch=\"on\"\n\t\t\t\t\t\t\t\tdata-xy=\"xo:456px,376px,285px,175px;yo:138px,113px,85px,52px;\"\n\t\t\t\t\t\t\t\tdata-text=\"w:normal;s:97,80,60,37;l:108,89,67,41;ls:-5,-4,-3,-1;fw:800;\"\n\t\t\t\t\t\t\t\tdata-dim=\"minh:0,none,none,none;\"\n\t\t\t\t\t\t\t\tdata-frame_1=\"st:240;sp:1310;sR:240;\"\n\t\t\t\t\t\t\t\tdata-frame_999=\"o:0;st:w;sR:7450;\"\n\t\t\t\t\t\t\t\tstyle=\"z-index:10;font-family:Poppins;\"\n\t\t\t\t\t\t\t>CICLISM \n\t\t\t\t\t\t\t<\/rs-layer><!--\n\n\t\t\t\t\t\t\t--><rs-layer\n\t\t\t\t\t\t\t\tid=\"slider-6-slide-21-layer-12\" \n\t\t\t\t\t\t\t\tdata-type=\"text\"\n\t\t\t\t\t\t\t\tdata-color=\"#9ae0df\"\n\t\t\t\t\t\t\t\tdata-rsp_ch=\"on\"\n\t\t\t\t\t\t\t\tdata-xy=\"xo:617px,509px,386px,238px;yo:68px,56px,42px,25px;\"\n\t\t\t\t\t\t\t\tdata-text=\"w:normal;s:84,69,52,32;l:99,81,61,37;ls:-1,0,0,0;fw:500;\"\n\t\t\t\t\t\t\t\tdata-dim=\"minh:0,none,none,none;\"\n\t\t\t\t\t\t\t\tdata-frame_1=\"st:830;sp:1280;sR:830;\"\n\t\t\t\t\t\t\t\tdata-frame_999=\"o:0;st:w;sR:6890;\"\n\t\t\t\t\t\t\t\tstyle=\"z-index:11;font-family:Poppins;text-transform:uppercase;\"\n\t\t\t\t\t\t\t>Drume\u021bii \n\t\t\t\t\t\t\t<\/rs-layer><!--\n\n\t\t\t\t\t\t\t--><rs-layer\n\t\t\t\t\t\t\t\tid=\"slider-6-slide-21-layer-13\" \n\t\t\t\t\t\t\t\tdata-type=\"text\"\n\t\t\t\t\t\t\t\tdata-color=\"rgba(16, 237, 211, 0.81)\"\n\t\t\t\t\t\t\t\tdata-rsp_ch=\"on\"\n\t\t\t\t\t\t\t\tdata-xy=\"xo:653px,539px,409px,252px;yo:204px,168px,127px,78px;\"\n\t\t\t\t\t\t\t\tdata-text=\"w:normal;s:142,117,88,54;l:167,137,104,64;ls:-2,-1,0,0;fw:500;\"\n\t\t\t\t\t\t\t\tdata-dim=\"minh:0,none,none,none;\"\n\t\t\t\t\t\t\t\tdata-frame_1=\"st:1680;sp:1020;sR:1680;\"\n\t\t\t\t\t\t\t\tdata-frame_999=\"o:0;st:w;sR:6300;\"\n\t\t\t\t\t\t\t\tstyle=\"z-index:12;font-family:Poppins;text-transform:uppercase;\"\n\t\t\t\t\t\t\t>SKI \n\t\t\t\t\t\t\t<\/rs-layer><!--\n-->\t\t\t\t\t\t<\/rs-slide>\n\t\t\t\t\t\t<rs-slide data-key=\"rs-24\" data-title=\"Slide\" data-anim=\"ei:d;eo:d;s:1000;r:0;t:fade;sl:0;\">\n\t\t\t\t\t\t\t<img loading=\"lazy\" decoding=\"async\" src=\"\/\/prietenii-muntilor.ro\/wp-content\/uploads\/2020\/01\/29664678_1939672622772676_2409399672478977254_o.jpg\" title=\"29664678_1939672622772676_2409399672478977254_o\" width=\"1085\" height=\"690\" data-bg=\"p:70% 70%;\" data-parallax=\"off\" data-panzoom=\"d:15000ms;ss:100;se:120%;\" class=\"rev-slidebg\" data-no-retina>\n<!---->\t\t\t\t\t\t<\/rs-slide>\n\t\t\t\t\t<\/rs-slides>\n\t\t\t\t\t<rs-progress class=\"rs-bottom\" style=\"visibility: hidden !important;\"><\/rs-progress>\n\t\t\t\t<\/rs-module>\n\t\t\t\t<script type=\"text\/javascript\">\n\t\t\t\t\tsetREVStartSize({c: 'rev_slider_6_1',rl:[1240,1024,778,480],el:[900,768,960,720],gw:[1240,1024,778,480],gh:[900,768,960,720],layout:'fullscreen',offsetContainer:'',offset:'',mh:\"0\"});\n\t\t\t\t\tvar\trevapi6,\n\t\t\t\t\t\ttpj;\n\t\t\t\t\tjQuery(function() {\n\t\t\t\t\t\ttpj = jQuery;\n\t\t\t\t\t\tif(tpj(\"#rev_slider_6_1\").revolution == undefined){\n\t\t\t\t\t\t\trevslider_showDoubleJqueryError(\"#rev_slider_6_1\");\n\t\t\t\t\t\t}else{\n\t\t\t\t\t\t\trevapi6 = tpj(\"#rev_slider_6_1\").show().revolution({\n\t\t\t\t\t\t\t\tjsFileLocation:\"\/\/prietenii-muntilor.ro\/wp-content\/plugins\/revslider\/public\/assets\/js\/\",\n\t\t\t\t\t\t\t\tsliderLayout:\"fullscreen\",\n\t\t\t\t\t\t\t\tvisibilityLevels:\"1240,1024,778,480\",\n\t\t\t\t\t\t\t\tgridwidth:\"1240,1024,778,480\",\n\t\t\t\t\t\t\t\tgridheight:\"900,768,960,720\",\n\t\t\t\t\t\t\t\tminHeight:\"\",\n\t\t\t\t\t\t\t\tspinner:\"spinner0\",\n\t\t\t\t\t\t\t\teditorheight:\"900,768,960,720\",\n\t\t\t\t\t\t\t\tresponsiveLevels:\"1240,1024,778,480\",\n\t\t\t\t\t\t\t\tdisableProgressBar:\"on\",\n\t\t\t\t\t\t\t\tnavigation: {\n\t\t\t\t\t\t\t\t\tonHoverStop:false\n\t\t\t\t\t\t\t\t},\n\t\t\t\t\t\t\t\tparallax: {\n\t\t\t\t\t\t\t\t\tlevels:[5,10,15,20,25,30,35,40,45,46,47,48,49,50,51,30],\n\t\t\t\t\t\t\t\t\ttype:\"scroll\",\n\t\t\t\t\t\t\t\t\torigo:\"slideCenter\",\n\t\t\t\t\t\t\t\t\tspeed:0\n\t\t\t\t\t\t\t\t},\n\t\t\t\t\t\t\t\tfallbacks: {\n\t\t\t\t\t\t\t\t\tallowHTML5AutoPlayOnAndroid:true\n\t\t\t\t\t\t\t\t},\n\t\t\t\t\t\t\t});\n\t\t\t\t\t\t}\n\t\t\t\t\t\t\n\t\t\t\t\t});\n\t\t\t\t<\/script>\n\t\t\t<\/rs-module-wrap>\n\t\t\t<!-- END REVOLUTION SLIDER -->\n[\/vc_column][\/vc_row][vc_row][vc_column][vc_empty_space height=&#8221;150px&#8221; hide_on_mobile=&#8221;&#8221;][vc_separator][\/vc_column][\/vc_row][vc_section][vc_row][vc_column]<div class=\"sc_layouts sc_layouts_default sc_layouts_7392\">[vc_row][vc_column icons_position=\"left\"][\/vc_column][\/vc_row][vc_row 0=\"\" equal_height=\"yes\" content_placement=\"middle\"][vc_column width=\"5\/12\" icons_position=\"left\"][vc_single_image image=\"7240\" img_size=\"1000x1000\"][\/vc_column][vc_column width=\"7\/12\" icons_position=\"left\" css=\".vc_custom_1492421772831{padding-left: 55px !important;}\" el_class=\"welcome_column\"][vc_empty_space hide_on_mobile=\"\" css=\".vc_custom_1492078151528{margin-top: -0.75rem !important;}\"]<div class=\"sc_layouts_item\"><div id=\"sc_title_1275569903\"\n\t\tclass=\"sc_title sc_title_default\"><h1 class=\"sc_item_title sc_title_title sc_align_left sc_item_title_style_default sc_item_title_tag\">Despre noi<\/h1><\/div><!-- \/.sc_title --><\/div>[vc_empty_space hide_on_mobile=\"\" css=\".vc_custom_1492078336722{margin-top: 0.3rem !important;}\"][vc_column_text]Ne-am \u00eenfiin\u0163at \u00een septembrie 1977 \u015fi am func\u0163ionat pe l\u00e2ng\u0103 Uniunea General\u0103 a Sindicatelor din Rom\u00e2nia p\u00e2n\u0103 \u00een ianuarie 1991 c\u00e2nd am dob\u00e2ndit personalitate juridic\u0103, ca organiza\u0163ie neguvernamental\u0103.\r\nSediul nostru este \u00een Re\u015fi\u0163a, str. A.I. Cuza, nr 20, ap. 14\r\n\r\n<!-- \/wp:paragraph -->[\/vc_column_text][vc_empty_space hide_on_mobile=\"\"][vc_column_text]Avem \u00een proprietate pe muntele Semenic o caban\u0103 cu o capacitate de 60 locuri.\r\n<a title=\"citeste mai mult\" href=\"http:\/\/prietenii-muntilor.ro\/?page_id=187\">Citeste mai mult<\/a>[\/vc_column_text][vc_empty_space alter_height=\"small\" hide_on_mobile=\"\" css=\".vc_custom_1492078976269{margin-top: 0.5rem !important;}\"][\/vc_column][vc_column icons_position=\"left\"][vc_empty_space alter_height=\"medium\" hide_on_mobile=\"\" css=\".vc_custom_1492088020630{margin-top: 1.55rem !important;}\"][\/vc_column][\/vc_row]<\/div>[\/vc_column][\/vc_row][\/vc_section][vc_row][vc_column]<div class=\"sc_layouts sc_layouts_default sc_layouts_7384\">[vc_row full_width=\"stretch_row\" row_delimiter=\"\" row_fixed=\"\" hide_on_tablet=\"\" hide_on_mobile=\"\" hide_on_frontpage=\"\" css=\".vc_custom_1579262514111{background-image: url(http:\/\/prietenii-muntilor.ro\/wp-content\/uploads\/2020\/01\/P1-1-scaled.jpg?id=7557) !important;background-position: center !important;background-repeat: no-repeat !important;background-size: cover !important;}\" el_class=\"snow_action_row\"][vc_column width=\"7\/12\" icons_position=\"left\"][vc_empty_space alter_height=\"huge\" hide_on_mobile=\"\" css=\".vc_custom_1491901672742{margin-top: 1.8rem !important; }\"]<div class=\"sc_layouts_item\"><div id=\"sc_title_2119140852\"\n\t\tclass=\"scheme_default sc_title sc_title_default\"><h1 class=\"sc_item_title sc_title_title sc_align_left sc_item_title_style_default sc_item_title_tag\">Invitatie la evenimentele organizate de noi :<\/h1><div class=\"sc_item_descr sc_title_descr sc_align_left\"><p>A 37-a edi\u021bie a competi\u021biei de schi alpin \u201eCupa Prietenii Mun\u021bilor\u201d este un eveniment de tradi\u021bie, dedicat pasiona\u021bilor de sporturi de iarn\u0103 \u0219i iubitorilor de natur\u0103. Aceast\u0103 competi\u021bie aduce laolalt\u0103 participan\u021bi de toate v\u00e2rstele, \u00eentr-o atmosfer\u0103 de prietenie, fair-play \u0219i admira\u021bie pentru frumuse\u021bea muntelui. Cu fiecare edi\u021bie, \u201eCupa Prietenii Mun\u021bilor\u201d devine un simbol al leg\u0103turii str\u00e2nse dintre oameni \u0219i munte, fiind o s\u0103rb\u0103toare a sportului \u0219i a spiritului montan autentic.<\/p>\n<\/div><div class=\"sc_layouts_item\"><div class=\"sc_item_button sc_item_button_default sc_title_button sc_align_left sc_button_wrap sc_align_left\"><a href=\"http:\/\/prietenii-muntilor.ro\/?page_id=32\" id=\"sc_button_377136407\" class=\"sc_button sc_button_default sc_button_size_normal sc_button_icon_left\"><span class=\"sc_button_text\"><span class=\"sc_button_title\">Afla mai multe<\/span><\/span><!-- \/.sc_button_text --><\/a><!-- \/.sc_button --><\/div><!-- \/.sc_item_button sc_item_button_default sc_title_button sc_align_left --><\/div><\/div><!-- \/.sc_title --><\/div>[vc_empty_space alter_height=\"huge\" hide_on_mobile=\"\" css=\".vc_custom_1491901676735{margin-top: 1.8rem !important;}\"][\/vc_column][\/vc_row]<\/div>[\/vc_column][\/vc_row][vc_row][vc_column][vc_separator el_width=&#8221;40&#8243;][\/vc_column][\/vc_row][vc_row][vc_column]<div class=\"sc_layouts sc_layouts_default sc_layouts_7393\">[vc_row][vc_column icons_position=\"left\"][\/vc_column][\/vc_row][vc_row][vc_column icons_position=\"left\"][\/vc_column][\/vc_row][vc_row][vc_column icons_position=\"left\"]<div class=\"sc_layouts_item\"><div id=\"sc_title_1493748598\"\n\t\tclass=\"sc_title sc_title_default\"><h1 class=\"sc_item_title sc_title_title sc_align_center sc_item_title_style_default sc_item_title_tag\">Info utile<\/h1><\/div><!-- \/.sc_title --><\/div>[vc_empty_space alter_height=\"medium\" hide_on_mobile=\"\" css=\".vc_custom_1491654928648{margin-top: -0.5rem !important;}\"][vc_tta_tabs spacing=\"\" alignment=\"center\" active_section=\"1\" no_fill_content_area=\"true\"][vc_tta_section title=\"Cupa prietenii muntilor\" tab_id=\"1579272877354-e18582a1-0576\"][vc_row_inner][vc_column_inner width=\"1\/2\" icons_position=\"left\"][vc_single_image image=\"7529\" img_size=\"medium\" alignment=\"center\"][\/vc_column_inner][vc_column_inner width=\"1\/2\" icons_position=\"left\"][vc_column_text]Este o competi\u0163ie ce a fost ini\u0163iat\u0103 cu mul\u0163i ani \u00een urm\u0103 \u015fi este deschis\u0103 tuturor iubitorilor de schi <a title=\"schi\" href=\"http:\/\/prietenii-muntilor.ro\/?page_id=192\">Citeste mai mult..<\/a>[\/vc_column_text][\/vc_column_inner][\/vc_row_inner][\/vc_tta_section][vc_tta_section title=\"Clasamente\" tab_id=\"1579272106652-53abf1c4-60ea\"][vc_row_inner][vc_column_inner icons_position=\"left\"][vc_btn title=\"Vezi clasamente Cupa Prietenii Muntilor-Clasamente Generale\" link=\"url:https%3A%2F%2Fdocs.google.com%2Fspreadsheets%2Fd%2F1TjrzIV0QK9NNgqNAMEKQnKcQDMrHAIMJ5siP8-C-kqk%2Fedit%3Fusp%3Dsharing||target:%20_blank|\"][\/vc_column_inner][\/vc_row_inner][vc_row_inner][vc_column_inner icons_position=\"left\"][vc_btn title=\"Vezi clasamente Cupa Veteranilor-Clasamente Generale\" link=\"url:https%3A%2F%2Fdocs.google.com%2Fspreadsheets%2Fd%2F1fNlaFxIlPTYjuk8PYtbTUeRXDAZU31rCmOwFWlbH04M%2Fedit%3Fusp%3Dsharing||target:%20_blank|\"][\/vc_column_inner][\/vc_row_inner][\/vc_tta_section][vc_tta_section title=\"Statut 2020\" tab_id=\"1579272349209-4fe0ddde-c950\"][vc_btn title=\"Descarca aici\" link=\"url:http%3A%2F%2Fprietenii-muntilor.ro%2Fwp-content%2Fuploads%2F2020%2F05%2FSTATUT.pdf||target:%20_blank|\"][vc_column_text]Statut Asociatia Prietenii Muntilor[\/vc_column_text][\/vc_tta_section][vc_tta_section title=\"Sprijina activitatea asociatiei\" tab_id=\"1579272236419-3675450b-2ff9\"][vc_column_text]Dac\u0103 \u00ee\u0163i place ce facem \u015fi dore\u015fti s\u0103 sprijini \u015fi tu aceast\u0103 activitate atunci nu ezita \u015fi redirijeaz\u0103 2 % din impozitul virat statului \u00een anul 2020\r\nFormular[\/vc_column_text][vc_btn title=\"Descarca aici\" link=\"url:http%3A%2F%2Fprietenii-muntilor.ro%2Fwp-content%2Fuploads%2F2025%2F01%2F35-2024.pdf||target:%20_blank|\"][\/vc_tta_section][vc_tta_section title=\"Protectia datelor\" tab_id=\"1579554003887-941a0855-1f23\"][vc_row_inner][vc_column_inner icons_position=\"left\"][vc_btn title=\"Regulament\" link=\"url:http%3A%2F%2Fprietenii-muntilor.ro%2Fwp-content%2Fuploads%2F2020%2F05%2FRegulament.pdf||target:%20_blank|\"][\/vc_column_inner][\/vc_row_inner][vc_row_inner][vc_column_inner icons_position=\"left\"][vc_btn title=\"Consimtamant prelucrare date personale\" link=\"url:http%3A%2F%2Fprietenii-muntilor.ro%2Fwp-content%2Fuploads%2F2020%2F01%2Fconsimtamant-prelucrare-date-personale.pdf||target:%20_blank|\"][\/vc_column_inner][\/vc_row_inner][\/vc_tta_section][vc_tta_section title=\"Cum devii membru?\" tab_id=\"1579272407851-16c6e8ef-9e83\"][vc_column_text]\u00censcrierile se fac \u00een fiecare joi, la sediul nostru din Re\u015fi\u0163a, str. A.I. Cuza, nr 20, ap. 14., de la ora 18:00.\r\n\r\nDup\u0103 citirea cu aten\u0163ie a statutului completezi formularul de adeziune pe care \u0163i-l vizeaz\u0103 un membru activ al Asocia\u0163iei, pl\u0103te\u015fti \u00eenscrierea, cotiza\u0163ia \u015fi aspiri la c\u00e2\u015ftigarea dreptului de a fi membru al acestei Asocia\u0163ii.\r\nTimp de doi ani e\u015fti \u00een perioad\u0103 de prob\u0103 !!!!!\r\n\u00cen aceast timp trebuie s\u0103 participi la ac\u0163iunile Asocia\u0163iei \u015fi la muncile de \u00eentre\u0163inere a cabanei.\r\nDac\u0103 treci cu brio po\u0163i s\u0103 te consideri membru cu drepturi depline.\r\nPoti <a title=\"descarca\" href=\"http:\/\/prietenii-muntilor.ro\/wp-content\/uploads\/2020\/05\/Adeziune.pdf\" target=\"_blank\" rel=\"noopener noreferrer\">descarca<\/a>\u00a0de aici formularul de inscriere.[\/vc_column_text][\/vc_tta_section][vc_tta_section title=\"Camere web\" tab_id=\"1609933135306-c9fd8f29-1b75\"][vc_row_inner][vc_column_inner width=\"1\/3\" icons_position=\"left\"]<div class=\"sc_layouts_item\"><a href=\"https:\/\/www.roxy-world.ro\/webcam-cabana-prietenii-muntilor\" id=\"sc_button_148266401\" class=\"sc_button sc_button_default sc_button_size_normal sc_button_icon_left\"><span class=\"sc_button_text\"><span class=\"sc_button_title\">Cabana Prietenii Muntilor<\/span><\/span><!-- \/.sc_button_text --><\/a><!-- \/.sc_button --><\/div>[\/vc_column_inner][vc_column_inner width=\"1\/3\" icons_position=\"left\"][vc_video link=\"https:\/\/youtu.be\/3awpvHVuZCA\"][\/vc_column_inner][vc_column_inner width=\"1\/3\" icons_position=\"left\"][\/vc_column_inner][\/vc_row_inner][\/vc_tta_section][vc_tta_section title=\"Raport de activitate\" tab_id=\"1762974259410-3c2e5f15-c4af\"][vc_column_text]Raport de activitate pentru anul 2024[\/vc_column_text][vc_btn title=\"Descarca raport\" link=\"url:http%3A%2F%2Fprietenii-muntilor.ro%2Fwp-content%2Fuploads%2F2025%2F11%2FRaport-activitate-2024-Prietenii-Muntilor.pdf||target:%20_blank|\"][\/vc_tta_section][\/vc_tta_tabs][\/vc_column][\/vc_row]<\/div>[\/vc_column][\/vc_row][vc_section][vc_row][vc_column][vc_separator][\/vc_column][\/vc_row][\/vc_section]<\/p>\n","protected":false},"excerpt":{"rendered":"<p>[vc_row][vc_column][\/vc_column][\/vc_row][vc_row][vc_column][vc_empty_space height=&#8221;150px&#8221; hide_on_mobile=&#8221;&#8221;][vc_separator][\/vc_column][\/vc_row][vc_section][vc_row][vc_column][\/vc_column][\/vc_row][\/vc_section][vc_row][vc_column][\/vc_column][\/vc_row][vc_row][vc_column][vc_separator el_width=&#8221;40&#8243;][\/vc_column][\/vc_row][vc_row][vc_column][\/vc_column][\/vc_row][vc_section][vc_row][vc_column][vc_separator][\/vc_column][\/vc_row][\/vc_section]<\/p>\n","protected":false},"author":1,"featured_media":0,"parent":0,"menu_order":0,"comment_status":"open","ping_status":"open","template":"","meta":{"footnotes":""},"class_list":["post-2","page","type-page","status-publish","hentry"],"_links":{"self":[{"href":"https:\/\/prietenii-muntilor.ro\/index.php?rest_route=\/wp\/v2\/pages\/2","targetHints":{"allow":["GET"]}}],"collection":[{"href":"https:\/\/prietenii-muntilor.ro\/index.php?rest_route=\/wp\/v2\/pages"}],"about":[{"href":"https:\/\/prietenii-muntilor.ro\/index.php?rest_route=\/wp\/v2\/types\/page"}],"author":[{"embeddable":true,"href":"https:\/\/prietenii-muntilor.ro\/index.php?rest_route=\/wp\/v2\/users\/1"}],"replies":[{"embeddable":true,"href":"https:\/\/prietenii-muntilor.ro\/index.php?rest_route=%2Fwp%2Fv2%2Fcomments&post=2"}],"version-history":[{"count":421,"href":"https:\/\/prietenii-muntilor.ro\/index.php?rest_route=\/wp\/v2\/pages\/2\/revisions"}],"predecessor-version":[{"id":7581,"href":"https:\/\/prietenii-muntilor.ro\/index.php?rest_route=\/wp\/v2\/pages\/2\/revisions\/7581"}],"wp:attachment":[{"href":"https:\/\/prietenii-muntilor.ro\/index.php?rest_route=%2Fwp%2Fv2%2Fmedia&parent=2"}],"curies":[{"name":"wp","href":"https:\/\/api.w.org\/{rel}","templated":true}]}}