{"id":192,"date":"2012-12-28T22:16:53","date_gmt":"2012-12-28T22:16:53","guid":{"rendered":"http:\/\/prietenii-muntilor.ro\/?page_id=192"},"modified":"2025-01-14T10:22:59","modified_gmt":"2025-01-14T10:22:59","slug":"competie-schi","status":"publish","type":"page","link":"https:\/\/prietenii-muntilor.ro\/?page_id=192","title":{"rendered":"Cupa Prietenii Muntilor"},"content":{"rendered":"<p>[vc_row][vc_column][vc_column_text]Este o competi\u0163ie ce a fost ini\u0163iat\u0103 cu mul\u0163i ani \u00een urm\u0103 \u015fi este deschis\u0103 tuturor iubitorilor de schi,fete \u015fi b\u0103ie\u0163i, dornici sa-\u015fi demonstreze valoarea \u00eentr-o competi\u0163ie f\u0103r\u0103 limit\u0103 de v\u00e2rst\u0103.<\/p>\n<p>Concursul se desf\u0103\u015foar\u0103 \u00een masivul Semenic, pe p\u00e2rtiile Special, Crucea de Brazi \u015fi Uria\u015f \u00een mai multe etape de slalom special, slalom uria\u015f \u015fi combinat\u0103, \u00een cadrul grupelor de v\u00e2rsta dupa urmatorul regulament:<\/p>\n<p>Grupa \u00eencep\u0103tori ( fete \u015fi b\u0103ie\u0163i ) la care particip\u0103 schiorii care au inv\u0103\u021bat s\u0103 schieze in sezonul actual.<br \/>\nGrupa copii sub 10 ani ( fete \u015fi b\u0103ie\u0163i ) unde particip\u0103 to\u0163i schiorii mai mici de 10 ani si care pe parcursul anului \u00eemplinesc 10 ani.<br \/>\nGrupa 11-12 ani\u00a0 ( fete \u015fi b\u0103ie\u0163i ) unde particip\u0103 to\u0163i schiorii cu varsta intre 11-12 ani inclusiv ,impliniti pe parcursul anului competi\u0163ional.<br \/>\nGrupa 13-14 ani\u00a0 ( fete \u015fi b\u0103ie\u0163i ) unde particip\u0103 to\u0163i schiorii cu varsta intre 13-14 ani inclusiv ,impliniti pe parcursul anului competi\u0163ional.<br \/>\nGrupa juniori mari ( fete \u015fi b\u0103ie\u0163i ) unde particip\u0103 to\u0163i schiorii cu varsta intre 15-18 ani inclusiv impliniti pe parcursul anului competi\u0163ional.<br \/>\nGrupa Open ( fete \u015fi b\u0103ie\u0163i ) unde competitorii sunt f\u0103r\u0103 limit\u0103 de v\u00e2rst\u0103<\/p>\n<p>O etapa se desfasoara in una sau doua manse.<br \/>\nClasamentul se face in ordine crescatoare a timpilor. Daca s-a desfasurat o singura mansa se ia in considerare acel timp; daca se desfasoara doua manse timpul final este dat de suma celor doua manse. Se acorda puncte in functie de locul ocupat in etapa, astfel <strong>loc 1<\/strong> : <span style=\"color: #0000ff;\">10 puncte<\/span>, <strong>loc 2<\/strong> : <span style=\"color: #0000ff;\">8 puncte<\/span>, <strong>loc 3<\/strong> : <span style=\"color: #0000ff;\">6 puncte<\/span>, <strong>loc 4<\/strong> : <span style=\"color: #0000ff;\">5 puncte<\/span>, <strong>loc 5<\/strong> : <span style=\"color: #0000ff;\">4 puncte<\/span>,<strong> loc 6<\/strong>\u00a0: <span style=\"color: #0000ff;\">3 puncte<\/span>, <strong>loc 7<\/strong>\u00a0: <span style=\"color: #0000ff;\">2 puncte<\/span>, <strong>loc 8<\/strong> : <span style=\"color: #0000ff;\">1 punct<\/span>.<br \/>\nDaca se rateaza o poarta, concurentul nu este descalificat si intra la coada clasamentului dupa ultimul concurent viabil. Acesti concurenti primesc cate 1 punct daca sunt in primii 8, insa doar in clasamentul pe grupe de varsta nu si in clasamentul Open.<br \/>\nAcest concurs este deschis pentru toti copiii cu varsta de pana la 10 ani inclusiv. La celelalte categorii, sportivii de performanta legitimati la cluburi sportive, avand legitimatia vizata, nu vor puncta decat la categoria Open. Este considerat sportiv de performanta pe o perioada de inca doi ani inclusiv,sportivul care s-a retras din club, nu are vizata legitimatia si nu a mai participat le vreo competie din cadrul FRSB.<br \/>\nC\u00e2\u015ftig\u0103torii grupei Open at\u00e2t la fete c\u00e2t \u015fi la b\u0103ie\u0163i vor primi cupa transmisibil\u0103 Prietenii Mun\u0163ilor pe care o vor de\u0163ine timp de un an iar numele acestora va fi inscrip\u0163ionat pe una din pl\u0103cu\u0163ele dispuse pe soclul acesteia .<br \/>\nC\u00e2\u015ftig\u0103torilor le sunt acordate cupe, medalii \u015fi premii \u00een obiecte.[\/vc_column_text][\/vc_column][\/vc_row]<\/p>\n","protected":false},"excerpt":{"rendered":"<p>[vc_row][vc_column][vc_column_text]Este o competi\u0163ie ce a fost ini\u0163iat\u0103 cu mul\u0163i ani \u00een urm\u0103 \u015fi este deschis\u0103 tuturor iubitorilor de schi,fete \u015fi b\u0103ie\u0163i, dornici sa-\u015fi demonstreze valoarea \u00eentr-o competi\u0163ie f\u0103r\u0103 limit\u0103 de v\u00e2rst\u0103. Concursul se desf\u0103\u015foar\u0103 \u00een masivul Semenic, pe p\u00e2rtiile Special, Crucea de Brazi \u015fi Uria\u015f \u00een mai multe etape de slalom special, slalom uria\u015f \u015fi combinat\u0103, \u00een cadrul grupelor de&hellip;<\/p>\n","protected":false},"author":1,"featured_media":0,"parent":0,"menu_order":3,"comment_status":"closed","ping_status":"closed","template":"","meta":{"footnotes":""},"class_list":["post-192","page","type-page","status-publish","hentry"],"_links":{"self":[{"href":"https:\/\/prietenii-muntilor.ro\/index.php?rest_route=\/wp\/v2\/pages\/192","targetHints":{"allow":["GET"]}}],"collection":[{"href":"https:\/\/prietenii-muntilor.ro\/index.php?rest_route=\/wp\/v2\/pages"}],"about":[{"href":"https:\/\/prietenii-muntilor.ro\/index.php?rest_route=\/wp\/v2\/types\/page"}],"author":[{"embeddable":true,"href":"https:\/\/prietenii-muntilor.ro\/index.php?rest_route=\/wp\/v2\/users\/1"}],"replies":[{"embeddable":true,"href":"https:\/\/prietenii-muntilor.ro\/index.php?rest_route=%2Fwp%2Fv2%2Fcomments&post=192"}],"version-history":[{"count":11,"href":"https:\/\/prietenii-muntilor.ro\/index.php?rest_route=\/wp\/v2\/pages\/192\/revisions"}],"predecessor-version":[{"id":8533,"href":"https:\/\/prietenii-muntilor.ro\/index.php?rest_route=\/wp\/v2\/pages\/192\/revisions\/8533"}],"wp:attachment":[{"href":"https:\/\/prietenii-muntilor.ro\/index.php?rest_route=%2Fwp%2Fv2%2Fmedia&parent=192"}],"curies":[{"name":"wp","href":"https:\/\/api.w.org\/{rel}","templated":true}]}}